{"id":67,"date":"2025-05-19T17:31:41","date_gmt":"2025-05-19T17:31:41","guid":{"rendered":"http:\/\/dammixbouwservice.nl\/nirman-about-page\/"},"modified":"2025-05-26T08:39:03","modified_gmt":"2025-05-26T08:39:03","slug":"o-nas","status":"publish","type":"page","link":"https:\/\/dammixbouwservice.nl\/nl\/o-nas\/","title":{"rendered":"Over ons"},"content":{"rendered":"<div data-elementor-type=\"wp-page\" data-elementor-id=\"67\" class=\"elementor elementor-67\" data-elementor-post-type=\"page\">\n\t\t\t\t<div data-particle_enable=\"false\" data-particle-mobile-disabled=\"false\" class=\"elementor-element elementor-element-8bb6d49 e-con-full e-flex e-con e-parent\" data-id=\"8bb6d49\" data-element_type=\"container\" data-e-type=\"container\">\n\t\t<div data-particle_enable=\"false\" data-particle-mobile-disabled=\"false\" class=\"elementor-element elementor-element-3d1e8d0 e-con-full e-flex e-con e-child\" data-id=\"3d1e8d0\" data-element_type=\"container\" data-e-type=\"container\">\n\t\t<div data-particle_enable=\"false\" data-particle-mobile-disabled=\"false\" class=\"elementor-element elementor-element-25c3400 e-con-full e-flex e-con e-child\" data-id=\"25c3400\" data-element_type=\"container\" data-e-type=\"container\">\n\t\t\t\t<div class=\"elementor-element elementor-element-9210dcd animated-slow elementor-invisible elementor-widget elementor-widget-heading\" data-id=\"9210dcd\" data-element_type=\"widget\" data-e-type=\"widget\" data-settings=\"{&quot;_animation&quot;:&quot;fadeInUp&quot;,&quot;_animation_delay&quot;:300}\" data-widget_type=\"heading.default\">\n\t\t\t\t<div class=\"elementor-widget-container\">\n\t\t\t\t\t<h2 class=\"elementor-heading-title elementor-size-default\">Ontdek de kracht van solide renovatie<\/h2>\t\t\t\t<\/div>\n\t\t\t\t<\/div>\n\t\t\t\t<div class=\"elementor-element elementor-element-1b94d95 animated-slow elementor-widget-divider--view-line elementor-invisible elementor-widget elementor-widget-divider\" data-id=\"1b94d95\" data-element_type=\"widget\" data-e-type=\"widget\" data-settings=\"{&quot;_animation&quot;:&quot;fadeInRight&quot;,&quot;_animation_delay&quot;:900}\" data-widget_type=\"divider.default\">\n\t\t\t\t<div class=\"elementor-widget-container\">\n\t\t\t\t\t\t\t<div class=\"elementor-divider\">\n\t\t\t<span class=\"elementor-divider-separator\">\n\t\t\t\t\t\t<\/span>\n\t\t<\/div>\n\t\t\t\t\t\t<\/div>\n\t\t\t\t<\/div>\n\t\t\t\t<\/div>\n\t\t<div data-particle_enable=\"false\" data-particle-mobile-disabled=\"false\" class=\"elementor-element elementor-element-8ed36e9 e-con-full e-flex e-con e-child\" data-id=\"8ed36e9\" data-element_type=\"container\" data-e-type=\"container\">\n\t\t<div data-particle_enable=\"false\" data-particle-mobile-disabled=\"false\" class=\"elementor-element elementor-element-d61bd2a e-con-full e-flex e-con e-child\" data-id=\"d61bd2a\" data-element_type=\"container\" data-e-type=\"container\">\n\t\t\t\t<div class=\"elementor-element elementor-element-70c8605 animated-slow elementor-widget__width-initial elementor-widget-tablet__width-initial elementor-widget-mobile__width-initial elementor-invisible elementor-widget elementor-widget-eael-counter\" data-id=\"70c8605\" data-element_type=\"widget\" data-e-type=\"widget\" data-settings=\"{&quot;_animation&quot;:&quot;fadeIn&quot;}\" data-widget_type=\"eael-counter.default\">\n\t\t\t\t<div class=\"elementor-widget-container\">\n\t\t\t\t\t        <div class=\"eael-counter-container\">\n            <div class=\"eael-counter eael-counter-70c8605 eael-counter-layout-1\" data-target=\".eael-counter-number-70c8605\">\n                                                    \n                    <div class=\"eael-counter-number-title-wrap\">\n                        <div class=\"eael-counter-number-wrap\">\n                                                        <div class=\"eael-counter-number eael-counter-number-70c8605\" data-to=\"200\" data-speed=\"1500\">0<\/div>\n                            <span class=\"eael-counter-number-suffix\">+<\/span>                        <\/div>\n\n                        \n                        <div class=\"eael-counter-title\">Uitgevoerde projecten<\/div>                    <\/div>\n                            <\/div>\n        <\/div><!-- .eael-counter-container -->\n        \t\t\t\t<\/div>\n\t\t\t\t<\/div>\n\t\t\t\t<div class=\"elementor-element elementor-element-b2a5d62 animated-slow elementor-widget__width-initial elementor-widget-tablet__width-initial elementor-widget-mobile__width-initial elementor-invisible elementor-widget elementor-widget-eael-counter\" data-id=\"b2a5d62\" data-element_type=\"widget\" data-e-type=\"widget\" data-settings=\"{&quot;_animation&quot;:&quot;fadeIn&quot;}\" data-widget_type=\"eael-counter.default\">\n\t\t\t\t<div class=\"elementor-widget-container\">\n\t\t\t\t\t        <div class=\"eael-counter-container\">\n            <div class=\"eael-counter eael-counter-b2a5d62 eael-counter-layout-1\" data-target=\".eael-counter-number-b2a5d62\">\n                                                    \n                    <div class=\"eael-counter-number-title-wrap\">\n                        <div class=\"eael-counter-number-wrap\">\n                                                        <div class=\"eael-counter-number eael-counter-number-b2a5d62\" data-to=\"20\" data-speed=\"1500\">0<\/div>\n                                                    <\/div>\n\n                        \n                        <div class=\"eael-counter-title\">Actieve klanten<\/div>                    <\/div>\n                            <\/div>\n        <\/div><!-- .eael-counter-container -->\n        \t\t\t\t<\/div>\n\t\t\t\t<\/div>\n\t\t\t\t<div class=\"elementor-element elementor-element-8cb9f29 animated-slow elementor-widget__width-initial elementor-widget-tablet__width-initial elementor-widget-mobile__width-inherit elementor-invisible elementor-widget elementor-widget-eael-counter\" data-id=\"8cb9f29\" data-element_type=\"widget\" data-e-type=\"widget\" data-settings=\"{&quot;_animation&quot;:&quot;fadeIn&quot;}\" data-widget_type=\"eael-counter.default\">\n\t\t\t\t<div class=\"elementor-widget-container\">\n\t\t\t\t\t        <div class=\"eael-counter-container\">\n            <div class=\"eael-counter eael-counter-8cb9f29 eael-counter-layout-1\" data-target=\".eael-counter-number-8cb9f29\">\n                                                    \n                    <div class=\"eael-counter-number-title-wrap\">\n                        <div class=\"eael-counter-number-wrap\">\n                                                        <div class=\"eael-counter-number eael-counter-number-8cb9f29\" data-to=\"7\" data-speed=\"1500\">0<\/div>\n                                                    <\/div>\n\n                        \n                        <div class=\"eael-counter-title\">Jaar op de markt<\/div>                    <\/div>\n                            <\/div>\n        <\/div><!-- .eael-counter-container -->\n        \t\t\t\t<\/div>\n\t\t\t\t<\/div>\n\t\t\t\t<div class=\"elementor-element elementor-element-fd7bb18 animated-slow elementor-widget-divider--view-line elementor-invisible elementor-widget elementor-widget-divider\" data-id=\"fd7bb18\" data-element_type=\"widget\" data-e-type=\"widget\" data-settings=\"{&quot;_animation&quot;:&quot;fadeInLeft&quot;,&quot;_animation_delay&quot;:700}\" data-widget_type=\"divider.default\">\n\t\t\t\t<div class=\"elementor-widget-container\">\n\t\t\t\t\t\t\t<div class=\"elementor-divider\">\n\t\t\t<span class=\"elementor-divider-separator\">\n\t\t\t\t\t\t<\/span>\n\t\t<\/div>\n\t\t\t\t\t\t<\/div>\n\t\t\t\t<\/div>\n\t\t\t\t<div class=\"elementor-element elementor-element-db79535 animated-slow elementor-invisible elementor-widget elementor-widget-heading\" data-id=\"db79535\" data-element_type=\"widget\" data-e-type=\"widget\" data-settings=\"{&quot;_animation&quot;:&quot;fadeInUp&quot;,&quot;_animation_delay&quot;:1000}\" data-widget_type=\"heading.default\">\n\t\t\t\t<div class=\"elementor-widget-container\">\n\t\t\t\t\t<p class=\"elementor-heading-title elementor-size-default\">Dam-mix Bouwservice is een bedrijf dat gespecialiseerd is in geavanceerde geveltechnologie, voegwerk en renovatie van civiele, commerci\u00eble, industri\u00eble en particuliere gebouwen. Wij bieden: professioneel technisch advies, nauwkeurige uitvoering met materialen van de hoogste kwaliteit, complete service- en onderhoudszorg, renovatie, afdichting en beveiliging van schoorstenen. Dankzij ons blijft jouw gevel niet alleen esthetisch, maar ook duurzaam onder alle omstandigheden, en jouw schoorsteen blijft jarenlang veilig en waterdicht.\n\n\n\n\n\n\n\n\n<\/p>\t\t\t\t<\/div>\n\t\t\t\t<\/div>\n\t\t\t\t<\/div>\n\t\t<div data-particle_enable=\"false\" data-particle-mobile-disabled=\"false\" class=\"elementor-element elementor-element-c611c3a e-con-full animated-slow e-flex elementor-invisible e-con e-child\" data-id=\"c611c3a\" data-element_type=\"container\" data-e-type=\"container\" data-settings=\"{&quot;background_background&quot;:&quot;classic&quot;,&quot;animation&quot;:&quot;fadeIn&quot;,&quot;animation_delay&quot;:1500}\">\n\t\t\t\t<\/div>\n\t\t\t\t<\/div>\n\t\t\t\t<\/div>\n\t\t\t\t<\/div>\n\t\t\t\t<\/div>","protected":false},"excerpt":{"rendered":"<p>Odkryj si\u0142\u0119 solidnej renowacji 0 + Zrealizowne projekty 0 Aktywnych klient\u00f3w 0 Lat na rynku Dam-mix Bouwservice to firma specjalizuj\u0105ca si\u0119 w zaawansowanej technologii elewacji, fugowania i renowacji obiekt\u00f3w cywilnych, komercyjnych, przemys\u0142owych oraz mieszkaniowych. Oferujemy: Fachowe doradztwo techniczne Precyzyjne wykonawstwo z najwy\u017cszej jako\u015bci materia\u0142\u00f3w Kompleksow\u0105 opiek\u0119 serwisow\u0105 i konserwacj\u0119 Renowacj\u0119, uszczelnianie i zabezpieczanie komin\u00f3w Dzi\u0119ki [&hellip;]<\/p>\n","protected":false},"author":1,"featured_media":0,"parent":0,"menu_order":0,"comment_status":"closed","ping_status":"closed","template":"elementor_header_footer","meta":{"_joinchat":[],"footnotes":""},"class_list":["post-67","page","type-page","status-publish","hentry"],"yoast_head":"<!-- This site is optimized with the Yoast SEO plugin v26.1.1 - https:\/\/yoast.com\/wordpress\/plugins\/seo\/ -->\n<title>O nas - Dam-mix bouwservice<\/title>\n<meta name=\"robots\" content=\"index, follow, max-snippet:-1, max-image-preview:large, max-video-preview:-1\" \/>\n<link rel=\"canonical\" href=\"https:\/\/dammixbouwservice.nl\/nl\/o-nas\/\" \/>\n<meta property=\"og:locale\" content=\"nl_NL\" \/>\n<meta property=\"og:type\" content=\"article\" \/>\n<meta property=\"og:title\" content=\"O nas - Dam-mix bouwservice\" \/>\n<meta property=\"og:description\" content=\"Odkryj si\u0142\u0119 solidnej renowacji 0 + Zrealizowne projekty 0 Aktywnych klient\u00f3w 0 Lat na rynku Dam-mix Bouwservice to firma specjalizuj\u0105ca si\u0119 w zaawansowanej technologii elewacji, fugowania i renowacji obiekt\u00f3w cywilnych, komercyjnych, przemys\u0142owych oraz mieszkaniowych. Oferujemy: Fachowe doradztwo techniczne Precyzyjne wykonawstwo z najwy\u017cszej jako\u015bci materia\u0142\u00f3w Kompleksow\u0105 opiek\u0119 serwisow\u0105 i konserwacj\u0119 Renowacj\u0119, uszczelnianie i zabezpieczanie komin\u00f3w Dzi\u0119ki [&hellip;]\" \/>\n<meta property=\"og:url\" content=\"https:\/\/dammixbouwservice.nl\/nl\/o-nas\/\" \/>\n<meta property=\"og:site_name\" content=\"Dam-mix bouwservice\" \/>\n<meta property=\"article:modified_time\" content=\"2025-05-26T08:39:03+00:00\" \/>\n<meta name=\"twitter:card\" content=\"summary_large_image\" \/>\n<script type=\"application\/ld+json\" class=\"yoast-schema-graph\">{\"@context\":\"https:\/\/schema.org\",\"@graph\":[{\"@type\":\"WebPage\",\"@id\":\"https:\/\/dammixbouwservice.nl\/o-nas\/\",\"url\":\"https:\/\/dammixbouwservice.nl\/o-nas\/\",\"name\":\"O nas - Dam-mix bouwservice\",\"isPartOf\":{\"@id\":\"https:\/\/dammixbouwservice.nl\/#website\"},\"datePublished\":\"2025-05-19T17:31:41+00:00\",\"dateModified\":\"2025-05-26T08:39:03+00:00\",\"breadcrumb\":{\"@id\":\"https:\/\/dammixbouwservice.nl\/o-nas\/#breadcrumb\"},\"inLanguage\":\"nl-NL\",\"potentialAction\":[{\"@type\":\"ReadAction\",\"target\":[\"https:\/\/dammixbouwservice.nl\/o-nas\/\"]}]},{\"@type\":\"BreadcrumbList\",\"@id\":\"https:\/\/dammixbouwservice.nl\/o-nas\/#breadcrumb\",\"itemListElement\":[{\"@type\":\"ListItem\",\"position\":1,\"name\":\"Strona g\u0142\u00f3wna\",\"item\":\"https:\/\/dammixbouwservice.nl\/\"},{\"@type\":\"ListItem\",\"position\":2,\"name\":\"O nas\"}]},{\"@type\":\"WebSite\",\"@id\":\"https:\/\/dammixbouwservice.nl\/#website\",\"url\":\"https:\/\/dammixbouwservice.nl\/\",\"name\":\"Dam-mix bouwservice\",\"description\":\"Dam Mix Bouwservice \u2013 waterdichte daken, solide schoorstenen\",\"publisher\":{\"@id\":\"https:\/\/dammixbouwservice.nl\/#organization\"},\"potentialAction\":[{\"@type\":\"SearchAction\",\"target\":{\"@type\":\"EntryPoint\",\"urlTemplate\":\"https:\/\/dammixbouwservice.nl\/?s={search_term_string}\"},\"query-input\":{\"@type\":\"PropertyValueSpecification\",\"valueRequired\":true,\"valueName\":\"search_term_string\"}}],\"inLanguage\":\"nl-NL\"},{\"@type\":\"Organization\",\"@id\":\"https:\/\/dammixbouwservice.nl\/#organization\",\"name\":\"Dam-mix bouwservice\",\"url\":\"https:\/\/dammixbouwservice.nl\/\",\"logo\":{\"@type\":\"ImageObject\",\"inLanguage\":\"nl-NL\",\"@id\":\"https:\/\/dammixbouwservice.nl\/#\/schema\/logo\/image\/\",\"url\":\"https:\/\/dammixbouwservice.nl\/wp-content\/uploads\/2025\/05\/logo-scaled.webp\",\"contentUrl\":\"https:\/\/dammixbouwservice.nl\/wp-content\/uploads\/2025\/05\/logo-scaled.webp\",\"width\":2560,\"height\":1387,\"caption\":\"Dam-mix bouwservice\"},\"image\":{\"@id\":\"https:\/\/dammixbouwservice.nl\/#\/schema\/logo\/image\/\"}}]}<\/script>\n<!-- \/ Yoast SEO plugin. -->","yoast_head_json":{"title":"O nas - Dam-mix bouwservice","robots":{"index":"index","follow":"follow","max-snippet":"max-snippet:-1","max-image-preview":"max-image-preview:large","max-video-preview":"max-video-preview:-1"},"canonical":"https:\/\/dammixbouwservice.nl\/nl\/o-nas\/","og_locale":"nl_NL","og_type":"article","og_title":"O nas - Dam-mix bouwservice","og_description":"Odkryj si\u0142\u0119 solidnej renowacji 0 + Zrealizowne projekty 0 Aktywnych klient\u00f3w 0 Lat na rynku Dam-mix Bouwservice to firma specjalizuj\u0105ca si\u0119 w zaawansowanej technologii elewacji, fugowania i renowacji obiekt\u00f3w cywilnych, komercyjnych, przemys\u0142owych oraz mieszkaniowych. Oferujemy: Fachowe doradztwo techniczne Precyzyjne wykonawstwo z najwy\u017cszej jako\u015bci materia\u0142\u00f3w Kompleksow\u0105 opiek\u0119 serwisow\u0105 i konserwacj\u0119 Renowacj\u0119, uszczelnianie i zabezpieczanie komin\u00f3w Dzi\u0119ki [&hellip;]","og_url":"https:\/\/dammixbouwservice.nl\/nl\/o-nas\/","og_site_name":"Dam-mix bouwservice","article_modified_time":"2025-05-26T08:39:03+00:00","twitter_card":"summary_large_image","schema":{"@context":"https:\/\/schema.org","@graph":[{"@type":"WebPage","@id":"https:\/\/dammixbouwservice.nl\/o-nas\/","url":"https:\/\/dammixbouwservice.nl\/o-nas\/","name":"O nas - Dam-mix bouwservice","isPartOf":{"@id":"https:\/\/dammixbouwservice.nl\/#website"},"datePublished":"2025-05-19T17:31:41+00:00","dateModified":"2025-05-26T08:39:03+00:00","breadcrumb":{"@id":"https:\/\/dammixbouwservice.nl\/o-nas\/#breadcrumb"},"inLanguage":"nl-NL","potentialAction":[{"@type":"ReadAction","target":["https:\/\/dammixbouwservice.nl\/o-nas\/"]}]},{"@type":"BreadcrumbList","@id":"https:\/\/dammixbouwservice.nl\/o-nas\/#breadcrumb","itemListElement":[{"@type":"ListItem","position":1,"name":"Strona g\u0142\u00f3wna","item":"https:\/\/dammixbouwservice.nl\/"},{"@type":"ListItem","position":2,"name":"O nas"}]},{"@type":"WebSite","@id":"https:\/\/dammixbouwservice.nl\/#website","url":"https:\/\/dammixbouwservice.nl\/","name":"Dam-mix bouwservice","description":"Dam Mix Bouwservice \u2013 waterdichte daken, solide schoorstenen","publisher":{"@id":"https:\/\/dammixbouwservice.nl\/#organization"},"potentialAction":[{"@type":"SearchAction","target":{"@type":"EntryPoint","urlTemplate":"https:\/\/dammixbouwservice.nl\/?s={search_term_string}"},"query-input":{"@type":"PropertyValueSpecification","valueRequired":true,"valueName":"search_term_string"}}],"inLanguage":"nl-NL"},{"@type":"Organization","@id":"https:\/\/dammixbouwservice.nl\/#organization","name":"Dam-mix bouwservice","url":"https:\/\/dammixbouwservice.nl\/","logo":{"@type":"ImageObject","inLanguage":"nl-NL","@id":"https:\/\/dammixbouwservice.nl\/#\/schema\/logo\/image\/","url":"https:\/\/dammixbouwservice.nl\/wp-content\/uploads\/2025\/05\/logo-scaled.webp","contentUrl":"https:\/\/dammixbouwservice.nl\/wp-content\/uploads\/2025\/05\/logo-scaled.webp","width":2560,"height":1387,"caption":"Dam-mix bouwservice"},"image":{"@id":"https:\/\/dammixbouwservice.nl\/#\/schema\/logo\/image\/"}}]}},"_links":{"self":[{"href":"https:\/\/dammixbouwservice.nl\/nl\/wp-json\/wp\/v2\/pages\/67","targetHints":{"allow":["GET"]}}],"collection":[{"href":"https:\/\/dammixbouwservice.nl\/nl\/wp-json\/wp\/v2\/pages"}],"about":[{"href":"https:\/\/dammixbouwservice.nl\/nl\/wp-json\/wp\/v2\/types\/page"}],"author":[{"embeddable":true,"href":"https:\/\/dammixbouwservice.nl\/nl\/wp-json\/wp\/v2\/users\/1"}],"replies":[{"embeddable":true,"href":"https:\/\/dammixbouwservice.nl\/nl\/wp-json\/wp\/v2\/comments?post=67"}],"version-history":[{"count":3,"href":"https:\/\/dammixbouwservice.nl\/nl\/wp-json\/wp\/v2\/pages\/67\/revisions"}],"predecessor-version":[{"id":717,"href":"https:\/\/dammixbouwservice.nl\/nl\/wp-json\/wp\/v2\/pages\/67\/revisions\/717"}],"wp:attachment":[{"href":"https:\/\/dammixbouwservice.nl\/nl\/wp-json\/wp\/v2\/media?parent=67"}],"curies":[{"name":"wp","href":"https:\/\/api.w.org\/{rel}","templated":true}]}}